{"id":10,"date":"2012-09-11T09:24:42","date_gmt":"2012-09-11T07:24:42","guid":{"rendered":"http:\/\/www.agatasplace.at\/wp\/?page_id=10"},"modified":"2013-08-09T12:40:22","modified_gmt":"2013-08-09T10:40:22","slug":"angebot","status":"publish","type":"page","link":"http:\/\/www.agatasplace.at\/?page_id=10","title":{"rendered":"Angebot"},"content":{"rendered":"<p>Bei Agata&#8217;s PLACE sind Sie in besten H\u00e4nden. Es kommen ausnahmslos Produkte allerh\u00f6chster Qualit\u00e4t sowie Ger\u00e4te namhafter Hersteller zur Anwendung. Alle Ger\u00e4te verf\u00fcgen \u00fcber die entsprechenden Zertifizierungen und Zulassungen f\u00fcr den Betrieb in \u00d6sterreich.<img loading=\"lazy\" decoding=\"async\" class=\"alignright\" alt=\"\" src=\"http:\/\/www.agatasplace.at\/wp-content\/uploads\/2012\/09\/alex_0170055.jpg\" width=\"312\" height=\"234\" \/><\/p>\n<h2>Eingesetzte Technologien<\/h2>\n<ul>\n<li>Radiofrequenz<\/li>\n<li>Microdermabrasion<\/li>\n<li>Mesotherapie<\/li>\n<li>Lymphdrainage<\/li>\n<li>Haarentfernung<\/li>\n<\/ul>\n<h2>\u00a0Gesichtsbehandlung<\/h2>\n<ul>\n<li>f\u00fcr eine bessere Straffheit und Spannkraft der Haut<\/li>\n<li>zur Faltenreduzierung und akzentuierten Modellierung der Gesichtsform<\/li>\n<li>gegen Schwellungen und Bluterg\u00fcsse unter den Augen<\/li>\n<li>zur Intensivierung der Blut- und Lymphzirkulation<\/li>\n<li>zur Entschlackung und Regenerierung des Gewebes<\/li>\n<li>zur Stimulation der <a title=\"Fibroblasten\" href=\"http:\/\/de.wikipedia.org\/wiki\/Fibroblast\" target=\"_blank\">Fibroblasten <\/a>(Effekt-Biosynthese von Kollagen und Elastin)<\/li>\n<li>zur Behandlung von Hautfett-\u00dcberproduktion durch die Talgdr\u00fcsen (<a title=\"Seborrhoea\" href=\"http:\/\/de.wikipedia.org\/wiki\/Seborrh%C3%B6\" target=\"_blank\">Seborrhoea<\/a>)<\/li>\n<li>zur Behandlung von Aknenarben<\/li>\n<li>zur Behandlung von Verhornungsst\u00f6rungen der Haut (Dyskeratose)<\/li>\n<li>zur Entfernung von Pigmentflecken<\/li>\n<li>zur Behandlung von F\u00e4ltchen und Mimik-Linien<\/li>\n<li>zur Behandlung der Symptome einer blassen, sauerstoffarmen Haut<\/li>\n<li>f\u00fcr einen erfolgreichen Lifting-Effekt<\/li>\n<\/ul>\n<h2>\u00a0K\u00f6rperpflege<\/h2>\n<ul>\n<li>Behandlung bei Ver\u00e4nderungen des Zellgewebes (<a title=\"Cellulite\" href=\"http:\/\/de.wikipedia.org\/wiki\/Cellulite\" target=\"_blank\">Cellulite<\/a>)<img loading=\"lazy\" decoding=\"async\" class=\"alignright\" alt=\"\" src=\"http:\/\/www.agatasplace.at\/wp-content\/uploads\/2012\/09\/zdjecienastrone4.jpg\" width=\"280\" height=\"238\" \/><\/li>\n<li>Verbesserung der Festigkeit und Spannung der Haut<\/li>\n<li>Umfang-\/Fettreduktion zur Hautstrukturverbesserung<\/li>\n<li>Behandlung von Dehnungsstreifen<\/li>\n<li>Konturenformung<\/li>\n<li>Stimulierung der Blut- und Lymphzirkulation<\/li>\n<\/ul>\n<h2>Erg\u00e4nzende Dienstleistungen<\/h2>\n<ul>\n<li>Haarentfernung<\/li>\n<li>Augenpflege<\/li>\n<li>Augenbehandlung<\/li>\n<li>Manik\u00fcre<\/li>\n<li>Gesichtsmassage<\/li>\n<li>Teilk\u00f6rper-Massage<\/li>\n<li>Henna<\/li>\n<\/ul>\n<p><img loading=\"lazy\" decoding=\"async\" class=\"aligncenter\" title=\"przerwa\" alt=\"\" src=\"http:\/\/www.agatasplace.at\/wp-content\/uploads\/2012\/09\/przerwa.png\" width=\"527\" height=\"50\" \/><\/p>\n","protected":false},"excerpt":{"rendered":"<p>Bei Agata&#8217;s PLACE sind Sie in besten H\u00e4nden. Es kommen ausnahmslos Produkte allerh\u00f6chster Qualit\u00e4t sowie Ger\u00e4te namhafter Hersteller zur Anwendung. Alle Ger\u00e4te verf\u00fcgen \u00fcber die entsprechenden Zertifizierungen und Zulassungen f\u00fcr den Betrieb in \u00d6sterreich. Eingesetzte Technologien Radiofrequenz Microdermabrasion Mesotherapie Lymphdrainage Haarentfernung \u00a0Gesichtsbehandlung f\u00fcr eine bessere Straffheit und Spannkraft der Haut zur Faltenreduzierung und akzentuierten Modellierung [&hellip;]<\/p>\n","protected":false},"author":1,"featured_media":0,"parent":0,"menu_order":0,"comment_status":"closed","ping_status":"closed","template":"","meta":{"ngg_post_thumbnail":0,"footnotes":""},"class_list":["post-10","page","type-page","status-publish","hentry"],"_links":{"self":[{"href":"http:\/\/www.agatasplace.at\/index.php?rest_route=\/wp\/v2\/pages\/10","targetHints":{"allow":["GET"]}}],"collection":[{"href":"http:\/\/www.agatasplace.at\/index.php?rest_route=\/wp\/v2\/pages"}],"about":[{"href":"http:\/\/www.agatasplace.at\/index.php?rest_route=\/wp\/v2\/types\/page"}],"author":[{"embeddable":true,"href":"http:\/\/www.agatasplace.at\/index.php?rest_route=\/wp\/v2\/users\/1"}],"replies":[{"embeddable":true,"href":"http:\/\/www.agatasplace.at\/index.php?rest_route=%2Fwp%2Fv2%2Fcomments&post=10"}],"version-history":[{"count":27,"href":"http:\/\/www.agatasplace.at\/index.php?rest_route=\/wp\/v2\/pages\/10\/revisions"}],"predecessor-version":[{"id":64,"href":"http:\/\/www.agatasplace.at\/index.php?rest_route=\/wp\/v2\/pages\/10\/revisions\/64"}],"wp:attachment":[{"href":"http:\/\/www.agatasplace.at\/index.php?rest_route=%2Fwp%2Fv2%2Fmedia&parent=10"}],"curies":[{"name":"wp","href":"https:\/\/api.w.org\/{rel}","templated":true}]}}