{"id":6,"date":"2012-09-11T09:23:12","date_gmt":"2012-09-11T07:23:12","guid":{"rendered":"http:\/\/www.agatasplace.at\/wp\/?page_id=6"},"modified":"2016-11-07T18:05:39","modified_gmt":"2016-11-07T17:05:39","slug":"home","status":"publish","type":"page","link":"http:\/\/www.agatasplace.at\/","title":{"rendered":"Home"},"content":{"rendered":"<h1><b>Erhalten Sie Ihre individuelle Kosmetikbehandlung<br \/>\nbei Agata`s PLACE<\/b><\/h1>\n<h2><b><i>\u201eEs gibt zwei Arten des Sch\u00f6nen:<br \/>\nIn der einen liegt Anmut, in der anderen W\u00fcrde\u201c<sup>*)<\/sup><\/i><\/b><\/h2>\n<p>Die Idee hinter Agata&#8217;s PLACE ist einfach:<br \/>\nKompromisslose Dienstleistungsqualit\u00e4t in Sachen Sch\u00f6nheit, h\u00f6chste fachliche <strong>Kompetenz<\/strong> und <strong>Professionalit\u00e4t<\/strong> sowie stets neueste, <strong>wissenschaftlich anerkannte<\/strong> und <strong>weltweit<\/strong> erprobte Technologie international f\u00fchrender Hersteller im Bereich Kosmetologie.<\/p>\n<p>In Kombination mit dem weitreichenden, <strong>akademisch fundierten Wissen<\/strong> und der <a title=\"\u00dcber mich\" href=\"http:\/\/www.agatasplace.at\/?page_id=8\">langj\u00e4hrigen Erfahrung<\/a> von Agata Smus, der Eigent\u00fcmerin und Betreiberin von Agata&#8217;s PLACE, finden Sie im vierten Bezirk von Wien einen Ort vor, an dem Sie sich in einer ruhigen, vertrauensvollen, von Aufmerksamkeit und freundschaftlicher Wertsch\u00e4tzung getragenen Atmosph\u00e4re bewusst Ihrer Sch\u00f6nheit widmen k\u00f6nnen.<\/p>\n<p>Es erwartet Sie ein individuell auf die Bed\u00fcrfnisse Ihrer Haut und Ihres Wohlbefindens <a title=\"Behandlungen\" href=\"http:\/\/www.agatasplace.at\/?page_id=4\">ma\u00dfgeschneidertes Behandlungskonzept<\/a>, das auf Methoden der <strong>angewandten kosmetologischen Forschung<\/strong> beruht, durch stets <strong>moderne Ger\u00e4te<\/strong> der technologischen Branchenf\u00fchrer auf diesem Bereich unterst\u00fctzt wird und sich von der \u00fcblichen Shop &amp; Go Philosophie wesentlich unterscheidet.<\/p>\n<p>Nehmen Sie Zeit und Ruhe mit, wenn Sie Agata&#8217;s PLACE besuchen und lassen Sie den Alltag vor der T\u00fcr, denn Sie werden als Kundin oder Kunde kommen und als Freunde von Agata&#8217;s PLACE mit einem <strong>zufriedenen L\u00e4cheln<\/strong> wiederkommen.<\/p>\n<p>Versprochen.<\/p>\n<p style=\"text-align: justify;\"><img loading=\"lazy\" decoding=\"async\" class=\"aligncenter size-full wp-image-354\" title=\"przerwa\" src=\"http:\/\/www.agatasplace.at\/wp-content\/uploads\/2012\/09\/przerwa.png\" alt=\"\" width=\"527\" height=\"50\" \/><\/p>\n<h2>Kontakt<\/h2>\n<p><iframe loading=\"lazy\" style=\"border: 1px solid black;\" src=\"http:\/\/www.openstreetmap.org\/export\/embed.html?bbox=16.36771649122238%2C48.18866073517028%2C16.372195780277252%2C48.190295101137366&amp;layer=mapnik&amp;marker=48.18947792466915%2C16.369956135749817\" width=\"425\" height=\"350\" frameborder=\"0\" marginwidth=\"0\" marginheight=\"0\" scrolling=\"no\"><\/iframe><br \/>\n<small><a href=\"http:\/\/www.openstreetmap.org\/?mlat=48.18948&amp;mlon=16.36996#map=19\/48.18948\/16.36996\">Gr\u00f6\u00dfere Karte anzeigen<\/a><\/small><br \/>\n<small><a href=\"http:\/\/www.openstreetmap.org\/?mlat=48.18948&amp;mlon=16.36996#map=19\/48.18948\/16.36996\">View Larger Map<\/a><\/small><\/p>\n<p style=\"text-align: left;\">Agata&#8217;s PLACE<br \/>\nRainergasse 14<br \/>\n1040 Wien<a href=\"mailto:salon@agatasplace.at\"><br \/>\n<\/a><a href=\"mailto:salon@agatasplace.at\" target=\"_blank\" rel=\"attachment wp-att-447\"><img loading=\"lazy\" decoding=\"async\" class=\"alignnone size-full wp-image-447\" src=\"http:\/\/www.agatasplace.at\/wp-content\/uploads\/2012\/09\/Mail-Button.png\" alt=\"mail\" width=\"213\" height=\"19\" \/><\/a><br \/>\nTel. +43 (650) 611 00 31<\/p>\n<p><img loading=\"lazy\" decoding=\"async\" class=\"aligncenter\" title=\"przerwa\" src=\"http:\/\/www.agatasplace.at\/wp-content\/uploads\/2012\/09\/przerwa.png\" alt=\"\" width=\"527\" height=\"50\" \/><\/p>\n<p><script type=\"text\/javascript\" src=\"\/\/app.mailerlite.com\/data\/webforms\/216331\/x5r0a0.js?v1\"><\/script><\/p>\n<p><i><sup>*) <\/sup><\/i><i>Marcus Tullius Cicero (106 &#8211; 43 v. Chr.)<\/i><\/p>\n<p>&nbsp;<\/p>\n","protected":false},"excerpt":{"rendered":"<p>Erhalten Sie Ihre individuelle Kosmetikbehandlung bei Agata`s PLACE \u201eEs gibt zwei Arten des Sch\u00f6nen: In der einen liegt Anmut, in der anderen W\u00fcrde\u201c*) Die Idee hinter Agata&#8217;s PLACE ist einfach: Kompromisslose Dienstleistungsqualit\u00e4t in Sachen Sch\u00f6nheit, h\u00f6chste fachliche Kompetenz und Professionalit\u00e4t sowie stets neueste, wissenschaftlich anerkannte und weltweit erprobte Technologie international f\u00fchrender Hersteller im Bereich Kosmetologie. [&hellip;]<\/p>\n","protected":false},"author":1,"featured_media":0,"parent":0,"menu_order":0,"comment_status":"closed","ping_status":"closed","template":"","meta":{"ngg_post_thumbnail":0,"footnotes":""},"class_list":["post-6","page","type-page","status-publish","hentry"],"_links":{"self":[{"href":"http:\/\/www.agatasplace.at\/index.php?rest_route=\/wp\/v2\/pages\/6","targetHints":{"allow":["GET"]}}],"collection":[{"href":"http:\/\/www.agatasplace.at\/index.php?rest_route=\/wp\/v2\/pages"}],"about":[{"href":"http:\/\/www.agatasplace.at\/index.php?rest_route=\/wp\/v2\/types\/page"}],"author":[{"embeddable":true,"href":"http:\/\/www.agatasplace.at\/index.php?rest_route=\/wp\/v2\/users\/1"}],"replies":[{"embeddable":true,"href":"http:\/\/www.agatasplace.at\/index.php?rest_route=%2Fwp%2Fv2%2Fcomments&post=6"}],"version-history":[{"count":43,"href":"http:\/\/www.agatasplace.at\/index.php?rest_route=\/wp\/v2\/pages\/6\/revisions"}],"predecessor-version":[{"id":601,"href":"http:\/\/www.agatasplace.at\/index.php?rest_route=\/wp\/v2\/pages\/6\/revisions\/601"}],"wp:attachment":[{"href":"http:\/\/www.agatasplace.at\/index.php?rest_route=%2Fwp%2Fv2%2Fmedia&parent=6"}],"curies":[{"name":"wp","href":"https:\/\/api.w.org\/{rel}","templated":true}]}}