{"id":27,"date":"2012-09-11T09:30:46","date_gmt":"2012-09-11T07:30:46","guid":{"rendered":"http:\/\/www.agatasplace.at\/wp\/?page_id=27"},"modified":"2016-11-07T18:17:00","modified_gmt":"2016-11-07T17:17:00","slug":"automatycznie-zapisany-szkic","status":"publish","type":"page","link":"http:\/\/www.agatasplace.at\/?page_id=27&amp;lang=pl","title":{"rendered":"Strona g\u0142\u00f3wna"},"content":{"rendered":"<h2>\u00a0 FILOZOFIA<\/h2>\n<p style=\"text-align: justify;\">W\u015br\u00f3d wielu wyj\u0105tkowych miejsc, miejscem szczeg\u00f3lnym dla Twojego cia\u0142a jest<br \/>\nAGATA&#8217;s PLACE.<\/p>\n<p style=\"text-align: justify;\">Po\u0142\u0105czenie profesjonalnej oferty piel\u0119gnacyjnej z wysok\u0105 jako\u015bci\u0105 obs\u0142ugi tworzy atmosfer\u0119 sprzyjaj\u0105c\u0105 sprostaniu potrzebom Twego cia\u0142a.<\/p>\n<p style=\"text-align: justify;\">W AGATA&#8217;s PLACE prawdziwe pi\u0119kno towarzyszy rado\u015bci \u017cycia&#8230;<\/p>\n<p style=\"text-align: justify;\"><img loading=\"lazy\" decoding=\"async\" class=\"aligncenter size-full wp-image-354\" title=\"przerwa\" alt=\"\" src=\"http:\/\/www.agatasplace.at\/wp-content\/uploads\/2012\/09\/przerwa.png\" width=\"527\" height=\"50\" \/><\/p>\n<h2>\u00a0 ETYKIETA SALONU<\/h2>\n<p style=\"text-align: justify;\">W AGATA&#8217;s PLACE ka\u017cdy Klient jest szczeg\u00f3lnym go\u015bciem. Jego potrzeby i \u017cyczenia zostan\u0105 zrealizowane w spos\u00f3b profesjonalny. My\u015bl\u0105 przewodni\u0105 tego szczeg\u00f3lnego miejsca jest wysoka satysfakcja i zaufanie Klienta.<\/p>\n<p style=\"text-align: justify;\"><img loading=\"lazy\" decoding=\"async\" class=\"aligncenter size-full wp-image-354\" title=\"przerwa\" alt=\"\" src=\"http:\/\/www.agatasplace.at\/wp-content\/uploads\/2012\/09\/przerwa.png\" width=\"527\" height=\"50\" \/><\/p>\n<h2>KONTAKT<\/h2>\n<p><iframe loading=\"lazy\" style=\"border: 1px solid black;\" src=\"http:\/\/www.openstreetmap.org\/export\/embed.html?bbox=16.3679176568985%2C48.18902015710217%2C16.370996832847595%2C48.190352320883285&amp;layer=mapnik&amp;marker=48.189686243321425%2C16.369457244873047\" height=\"450\" width=\"630\" frameborder=\"0\" marginwidth=\"0\" marginheight=\"0\" scrolling=\"no\"><\/iframe><br \/>\n<small><a href=\"http:\/\/www.openstreetmap.org\/?mlat=48.18969&amp;mlon=16.36946#map=19\/48.18969\/16.36946\">Poka\u017c wi\u0119ksz\u0105 map\u0119<\/a><\/small><\/p>\n<p>Agata&#8217;s PLACE<br \/>\nRainergasse 14<br \/>\nA-1040 Wiede\u0144<br \/>\nAustria<a href=\"mailto:salon@agatasplace.at\"><br \/>\n<\/a><a href=\"mailto:salon@agatasplace.at\" target=\"_blank\" rel=\"attachment wp-att-447\"><img loading=\"lazy\" decoding=\"async\" alt=\"mail\" src=\"http:\/\/www.agatasplace.at\/wp-content\/uploads\/2012\/09\/Mail-Button.png\" width=\"213\" height=\"19\" \/><\/a><br \/>\nTel. +43 (650) 611 00 31<\/p>\n<p><script type=\"text\/javascript\" src=\"\/\/app.mailerlite.com\/data\/webforms\/216331\/x5r0a0.js?v1\"><\/script><\/p>\n","protected":false},"excerpt":{"rendered":"<p>\u00a0 FILOZOFIA W\u015br\u00f3d wielu wyj\u0105tkowych miejsc, miejscem szczeg\u00f3lnym dla Twojego cia\u0142a jest AGATA&#8217;s PLACE. Po\u0142\u0105czenie profesjonalnej oferty piel\u0119gnacyjnej z wysok\u0105 jako\u015bci\u0105 obs\u0142ugi tworzy atmosfer\u0119 sprzyjaj\u0105c\u0105 sprostaniu potrzebom Twego cia\u0142a. W AGATA&#8217;s PLACE prawdziwe pi\u0119kno towarzyszy rado\u015bci \u017cycia&#8230; \u00a0 ETYKIETA SALONU W AGATA&#8217;s PLACE ka\u017cdy Klient jest szczeg\u00f3lnym go\u015bciem. Jego potrzeby i \u017cyczenia zostan\u0105 zrealizowane w [&hellip;]<\/p>\n","protected":false},"author":1,"featured_media":0,"parent":0,"menu_order":0,"comment_status":"closed","ping_status":"closed","template":"","meta":{"ngg_post_thumbnail":0,"footnotes":""},"class_list":["post-27","page","type-page","status-publish","hentry"],"_links":{"self":[{"href":"http:\/\/www.agatasplace.at\/index.php?rest_route=\/wp\/v2\/pages\/27","targetHints":{"allow":["GET"]}}],"collection":[{"href":"http:\/\/www.agatasplace.at\/index.php?rest_route=\/wp\/v2\/pages"}],"about":[{"href":"http:\/\/www.agatasplace.at\/index.php?rest_route=\/wp\/v2\/types\/page"}],"author":[{"embeddable":true,"href":"http:\/\/www.agatasplace.at\/index.php?rest_route=\/wp\/v2\/users\/1"}],"replies":[{"embeddable":true,"href":"http:\/\/www.agatasplace.at\/index.php?rest_route=%2Fwp%2Fv2%2Fcomments&post=27"}],"version-history":[{"count":33,"href":"http:\/\/www.agatasplace.at\/index.php?rest_route=\/wp\/v2\/pages\/27\/revisions"}],"predecessor-version":[{"id":606,"href":"http:\/\/www.agatasplace.at\/index.php?rest_route=\/wp\/v2\/pages\/27\/revisions\/606"}],"wp:attachment":[{"href":"http:\/\/www.agatasplace.at\/index.php?rest_route=%2Fwp%2Fv2%2Fmedia&parent=27"}],"curies":[{"name":"wp","href":"https:\/\/api.w.org\/{rel}","templated":true}]}}