{"id":39,"date":"2012-09-11T10:06:49","date_gmt":"2012-09-11T08:06:49","guid":{"rendered":"http:\/\/www.agatasplace.at\/wp\/?page_id=39"},"modified":"2012-09-17T08:44:01","modified_gmt":"2012-09-17T06:44:01","slug":"oferta-salonu","status":"publish","type":"page","link":"http:\/\/www.agatasplace.at\/?page_id=39&amp;lang=pl","title":{"rendered":"Oferta salonu"},"content":{"rendered":"<h2>OFERTA SALONU<\/h2>\n<h6>Z przyjemno\u015bci\u0105 pragn\u0119 Pa\u0144stwu przedstawi\u0107 ofert\u0119 mojego gabinetu<\/h6>\n<ul>\n<li>radiofrekwencja (REACTION)<\/li>\n<li>mikrodermabrazja<\/li>\n<li>mezoterapia<\/li>\n<li>drena\u017c limfatyczny<\/li>\n<li>depilacja cia\u0142a cz\u0119\u015bciowa i ca\u0142kowita<\/li>\n<li>inne us\u0142ugi<\/li>\n<\/ul>\n<h6>Zabiegi na twarz<\/h6>\n<ul>\n<li>terapia poprawiaj\u0105ca napi\u0119cie i elastyczno\u015b\u0107 sk\u00f3ry<\/li>\n<li>redukcja zmarszczek i modelownie owalu twarzy<\/li>\n<li>lifting<\/li>\n<li>redukcja obrz\u0119k\u00f3w i zasinie\u0144 pod oczami<\/li>\n<li>usprawnienie cyrkulacji krwi oraz od\u017cywianie kom\u00f3rek<\/li>\n<li>stymulacja fibroblastow (efekt &#8211; biosynteza kolagenu i elastyny)<\/li>\n<li>\u0142ojotok<\/li>\n<li>zmiany potr\u0105dzikowe<\/li>\n<li>nadmierne rogowacenie<\/li>\n<li>przebarwienia i nier\u00f3wno\u015bci pigmentacji<\/li>\n<li>bruzdy, linie mimiczne<\/li>\n<li>objawy niedotlenienia skory<\/li>\n<\/ul>\n<h6><img loading=\"lazy\" decoding=\"async\" class=\"alignright size-full wp-image-172\" title=\"zdjecienastrone\" src=\"http:\/\/www.agatasplace.at\/wp-content\/uploads\/2012\/09\/zdjecienastrone2.jpg\" alt=\"\" width=\"280\" height=\"238\" \/>Zabiegi na cia\u0142o<\/h6>\n<ul>\n<li>redukcja cellulitu<\/li>\n<li>poprawa\u00a0 j\u0119drno\u015bci i napi\u0119cia sk\u00f3ry<\/li>\n<li>zmniejszenie tkanki t\u0142uszczowej<\/li>\n<li>wyszczuplanie i modelowanie cia\u0142a<\/li>\n<li>sp\u0142ycenie rozst\u0119p\u00f3w<\/li>\n<li>usprawnienie kr\u0105\u017cenia<\/li>\n<\/ul>\n<h6>Inne us\u0142ugi<\/h6>\n<ul>\n<li>depilacja cia\u0142a cz\u0119\u015bciowa i ca\u0142kowita<\/li>\n<li>henna<\/li>\n<li>zabiegi upi\u0119kszaj\u0105ce oczy<\/li>\n<li>mini-manicure<\/li>\n<li>masa\u017c twarzy<\/li>\n<li>masa\u017c segmantarny cia\u0142a<\/li>\n<\/ul>\n<h4 style=\"text-align: justify;\"><img decoding=\"async\" class=\"alignleft size-full wp-image-272\" title=\"1\" src=\"http:\/\/www.agatasplace.at\/wp-content\/uploads\/2012\/09\/alex_017005.jpg\" alt=\"\" \/>Zabiegi wykonywane s\u0105 przy u\u017cyciu <span style=\"color: #605258;\">REACTION<\/span> &#8211; najwy\u017cszej klasy urz\u0105dzenia medycyny estetycznej <span style=\"color: #605258;\">firmy Viora<\/span> przeznaczonego do zaawansowanej piel\u0119gnacji <strong>twarzy, szyi<\/strong> i <strong>cia\u0142a<\/strong>. Oparte s\u0105 na technologii <span style=\"color: #605258;\">radiofrekwencji<\/span>, stosowanej w polu medycznym od ponad 30 lat. <span style=\"color: #605258;\">Radiofrekwencja<\/span> wykorzystuje energi\u0119 o ro\u017cnych warto\u015bciach cz\u0119stotliwo\u015bci, a nast\u0119pstwem tego zjawiska jest podwy\u017cszenie temperatury w sk\u00f3rze w\u0142a\u015bciwej\u00a0i \u00a0w nask\u00f3rku. Efekt <span style=\"color: #605258;\">radiofrekwencji<\/span> to stymulacja produkcji kolagenu, g\u0142\u00f3wnego bia\u0142ka odpowiedzialnego za <strong>elastyczno\u015b\u0107<\/strong> i <strong>spr\u0119\u017cysto\u015b\u0107<\/strong> dla uzyskania lepszej kondycji sk\u00f3ry. Ponadto ciep\u0142o powstaj\u0105ce pod wp\u0142ywem <span style=\"color: #605258;\">radiofrekwencji<\/span> korzystnie wp\u0142ywa na tkank\u0119 t\u0142uszczow\u0105, zmniejszaj\u0105c jej nadmiar. Optymalny efekt wymaga serii zabieg\u00f3w, chocia\u017c w zale\u017cno\u015bci od kondycji sk\u00f3ry, mo\u017ce by\u0107 widoczny ju\u017c na pocz\u0105tku. Zabiegi\u00a0z u\u017cyciem <span style=\"color: #605258;\">Reaction<\/span> s\u0105 nieinwazyjne.<\/h4>\n<h4 style=\"text-align: justify;\">Do <span style=\"color: #605258;\">bezinwazyjnej <strong>mezoterapii<\/strong><\/span>, stanowi\u0105cej skuteczn\u0105 alternatyw\u0119 dla zabieg\u00f3w ig\u0142owych, salon wykorzystuje profesjonalny <span style=\"color: #605258;\">aparat INFUSION<\/span>, w kt\u00f3rym technologia <span style=\"color: #605258;\">IONWAVE<\/span> gwarantuje skuteczn\u0105 walk\u0119 z efektami starzenia sie si\u0119 sk\u00f3ry. <strong>Mikrodermabrazja diamentowa<\/strong> oraz <strong>abrazja<\/strong> wykonywana\u00a0 jest na najbardziej zaawansowanej technologicznie <span style=\"color: #605258;\">PRSTINE<\/span>.<\/h4>\n<h4>Wszystkie powy\u017csze urz\u0105dzenia s\u0105 urz\u0105dzeniami <span style=\"color: #605258;\">marki Viora<\/span>, posiadaj\u0105 certyfikaty oraz atesty.<\/h4>\n<p><span style=\"color: #605258;\">AGATA&#8217;s PLACE<\/span> oferuje pe\u0142n\u0105 gam\u0119 bezpiecznych i efektywnych zabieg\u00f3w na twarz<br \/>\ni cia\u0142o oraz harmonijn\u0105 realizacje indywidualnych oczekiwa\u0144 Klienta. Umiej\u0119tno\u015bci oraz najwy\u017cszej klasy urz\u0105dzenia medyczne pozwalaj\u0105 na osi\u0105gni\u0119cie zamierzonych efekt\u00f3w.<\/p>\n<p style=\"text-align: right;\">Zapraszam,<br \/>\nMgr Agata Smus<\/p>\n<p style=\"text-align: right;\">\n","protected":false},"excerpt":{"rendered":"<p>OFERTA SALONU Z przyjemno\u015bci\u0105 pragn\u0119 Pa\u0144stwu przedstawi\u0107 ofert\u0119 mojego gabinetu radiofrekwencja (REACTION) mikrodermabrazja mezoterapia drena\u017c limfatyczny depilacja cia\u0142a cz\u0119\u015bciowa i ca\u0142kowita inne us\u0142ugi Zabiegi na twarz terapia poprawiaj\u0105ca napi\u0119cie i elastyczno\u015b\u0107 sk\u00f3ry redukcja zmarszczek i modelownie owalu twarzy lifting redukcja obrz\u0119k\u00f3w i zasinie\u0144 pod oczami usprawnienie cyrkulacji krwi oraz od\u017cywianie kom\u00f3rek stymulacja fibroblastow (efekt &#8211; [&hellip;]<\/p>\n","protected":false},"author":1,"featured_media":0,"parent":0,"menu_order":0,"comment_status":"closed","ping_status":"closed","template":"","meta":{"ngg_post_thumbnail":0,"footnotes":""},"class_list":["post-39","page","type-page","status-publish","hentry"],"_links":{"self":[{"href":"http:\/\/www.agatasplace.at\/index.php?rest_route=\/wp\/v2\/pages\/39","targetHints":{"allow":["GET"]}}],"collection":[{"href":"http:\/\/www.agatasplace.at\/index.php?rest_route=\/wp\/v2\/pages"}],"about":[{"href":"http:\/\/www.agatasplace.at\/index.php?rest_route=\/wp\/v2\/types\/page"}],"author":[{"embeddable":true,"href":"http:\/\/www.agatasplace.at\/index.php?rest_route=\/wp\/v2\/users\/1"}],"replies":[{"embeddable":true,"href":"http:\/\/www.agatasplace.at\/index.php?rest_route=%2Fwp%2Fv2%2Fcomments&post=39"}],"version-history":[{"count":34,"href":"http:\/\/www.agatasplace.at\/index.php?rest_route=\/wp\/v2\/pages\/39\/revisions"}],"predecessor-version":[{"id":289,"href":"http:\/\/www.agatasplace.at\/index.php?rest_route=\/wp\/v2\/pages\/39\/revisions\/289"}],"wp:attachment":[{"href":"http:\/\/www.agatasplace.at\/index.php?rest_route=%2Fwp%2Fv2%2Fmedia&parent=39"}],"curies":[{"name":"wp","href":"https:\/\/api.w.org\/{rel}","templated":true}]}}