{"id":41,"date":"2012-09-11T10:08:58","date_gmt":"2012-09-11T08:08:58","guid":{"rendered":"http:\/\/www.agatasplace.at\/wp\/?page_id=41"},"modified":"2013-08-24T23:33:11","modified_gmt":"2013-08-24T21:33:11","slug":"zabiegi","status":"publish","type":"page","link":"http:\/\/www.agatasplace.at\/?page_id=41&amp;lang=pl","title":{"rendered":"Zabiegi"},"content":{"rendered":"<h2>Zabiegi<\/h2>\n<p><strong>Reaction<\/strong><\/p>\n<h4 style=\"text-align: justify;\">Zabiegi z zastosowaniem ReactionTM wykorzystuj\u0105 fale o cz\u0119stotliwo\u015bci radiowej, kt\u00f3re s\u0105 stosowane w medycynie od ponad 30 lat. Fale te podwy\u017cszaj\u0105 temperatur\u0119 sk\u00f3ry w\u0142a\u015bciwej i nask\u00f3rka, wykorzystuj\u0105c energi\u0119 o r\u00f3\u017cnych cz\u0119stotliwo\u015bciach. Wskutek tego procesu pobudzana jest stymulacja produkt\u00f3w kolagenowych oraz bia\u0142ek, kt\u00f3re w g\u0142\u00f3wnej mierze odpowiedzialne s\u0105 za elastyczno\u015b\u0107 sk\u00f3ry. Dzi\u0119ki temu jako\u015b\u0107 sk\u00f3ry ulega polepszeniu. Dodatkowo oddzia\u0142ywanie wytwarzanego ciep\u0142a ma pozytywny wp\u0142yw na tkank\u0119 t\u0142uszczow\u0105, kt\u00f3ra jest redukowana. Chocia\u017c pierwsze efekty s\u0105 widoczne ju\u017c po pierwszym zabiegu, dla uzyskania optymalnego efektu terapii zaleca si\u0119 ich seri\u0119. Zabieg jest bezinwazyjny.<\/h4>\n<h6>Napi\u0119cie sk\u00f3ry i wyg\u0142adzanie zmarszczek<\/h6>\n<h4 style=\"text-align: justify;\"><\/h4>\n<h4 style=\"text-align: justify;\">Odpowiedni dob\u00f3r cz\u0119stotliwo\u015bci, warto\u015bci energii oraz zintegrowanego ch\u0142odzenia umo\u017cliwia najbezpieczniejsze i najskuteczniejsze rezultaty po ka\u017cdym zabiegu. Wra\u017cliwe, cienkie i delikatne obszary wok\u00f3\u0142 oczu i czo\u0142a podawane s\u0105 zabiegowi przy wykorzystaniu fal o wy\u017cszych cz\u0119stotliwo\u015bciach (mniejsza g\u0142\u0119boko\u015b\u0107 wnikania aktywnej energii) przy jak najmniejszym dyskomforcie dla pacjenta, podczas gdy na obszarach wi\u0119kszej g\u0119sto\u015bci sk\u00f3ry tj. jak policzki, brzuch i plecy stosowany jest modu\u0142 o ni\u017cszej cz\u0119stotliwo\u015bci (wy\u017csza g\u0142\u0119boko\u015b\u0107 wnikania aktywnej energii) lub modu\u0142 wielokana\u0142owy. Dzi\u0119ki zabiegowi z ReactionTM dochodzi do natychmiastowej kontrakcji w\u0142\u00f3kien tkanki i do bezpo\u015bredniego wyg\u0142adzenia i napi\u0119cia sk\u00f3ry.\u00a0Jednocze\u015bnie ReactionTM wspiera naturaln\u0105 termicznie indukowan\u0105 now\u0105 budow\u0119 kolagenu, kt\u00f3rej wynikiem jest rozleg\u0142a redukcja zmarszczek.<\/h4>\n<h6>Redukcja obwodu\/tkanki t\u0142uszczowej i polepszenie struktury sk\u00f3ry<\/h6>\n<h4 style=\"text-align: justify;\"><\/h4>\n<h4 style=\"text-align: justify;\">Na skutek ogrzania tkanki podsk\u00f3rnej wytwarzane s\u0105 nowe w\u0142\u00f3kna kolagenowe. Sk\u00f3ra w\u0142a\u015bciwa ulega wzmocnieniu i uodparnia si\u0119 na wnikanie kom\u00f3rek t\u0142uszczowych. Celowe pobudzanie lipolizy prowadzi do redukcji obj\u0119to\u015bci tkanek t\u0142uszczowych w miejscach poddawanych zabiegowi. Jednocze\u015bnie stymulowana jest cyrkulacja krwi w ca\u0142ym opracowywanym obszarze.<\/h4>\n<h4 style=\"text-align: justify;\">W module wielokana\u0142owym dla intensyfikacji zabiegu jednocze\u015bnie stosuje si\u0119 trzy cz\u0119stotliwo\u015bci o r\u00f3\u017cnej skuteczno\u015bci w po\u0142\u0105czeniu z warunkami pr\u00f3\u017cniowymi. W ten spos\u00f3b cz\u0119stotliwo\u015b\u0107 radiowa mo\u017ce jeszcze g\u0142\u0119biej wnika\u0107 w tkank\u0119 i umo\u017cliwia jednolite roz\u0142o\u017cenie reakcji termicznej.<\/h4>\n<p>&nbsp;<\/p>\n<p style=\"text-align: justify;\"><strong>Mezoterapia<\/strong><\/p>\n<h6 style=\"text-align: justify;\">Redukcja zmarszczek i napi\u0119cie sk\u00f3ry<\/h6>\n<h4 style=\"text-align: justify;\"><\/h4>\n<h4 style=\"text-align: justify;\">Nowa metoda mezoterapii rozwin\u0119\u0142a si\u0119 jako bezig\u0142owa alternatywa dla konwencjonalnych technik podawania zastrzyk\u00f3w w mezoterapii ig\u0142owej i ewentualnych zagro\u017ce\u0144 z ni\u0105 zwi\u0105zanych tj. opuchlizna lub infekcje. W metodzie bezig\u0142owej za pomoc\u0105 pola elektrycznego w sk\u00f3rze wytwarzane s\u0105 mikrokana\u0142y, kt\u00f3re powstaj\u0105 na skutek kr\u00f3tkiej restrukturyzacji b\u0142on kom\u00f3rkowych a nast\u0119pnie ponownie zamykaj\u0105 si\u0119. Poprzez te otwarte kana\u0142y w tkank\u0119 mog\u0105 wnika\u0107 czynne aktywnie substancje, kt\u00f3re oddzia\u0142uj\u0105 w g\u0142\u0119bi sk\u00f3ry. Skutkiem zabiegu jest regeneracja kolagenu a tym samym redukcja zmarszczek oraz wyg\u0142adzenie sk\u00f3ry. Zanieczyszczenia sk\u00f3ry i tr\u0105dzik znikaj\u0105, pory sk\u00f3ry s\u0105 mniej widoczne.<\/h4>\n<h4 style=\"text-align: justify;\">Dzi\u0119ki optymalnemu wnikni\u0119ciu aplikowanych substancji czynnych w sk\u00f3r\u0119 i tkank\u0119 pierwsze efekty s\u0105 widoczne ju\u017c po pierwszym zabiegu. Do po\u017c\u0105danego efektu terapii potrzebne s\u0105 cztery do pi\u0119ciu zabieg\u00f3w w odst\u0119pach dwutygodniowych. Mikrodermabrazja lub peeling diamentowy jest optymalnym przygotowaniem do mezoterapii bezig\u0142owej. Skutkiem jest usuni\u0119cie zrogowace\u0144 i zanieczyszcze\u0144 sk\u00f3ry oraz pobudzenie regeneracji kom\u00f3rek do produkcji kolagenu i elastyny.<\/h4>\n<h4 style=\"text-align: justify;\">Ta nowa forma mezoterapii jest polecana wszystkim, kt\u00f3rzy obawiaj\u0105 si\u0119 igie\u0142 oraz zastrzyk\u00f3w i jednocze\u015bnie chc\u0105 osi\u0105gn\u0105\u0107 widoczne rezultaty bez ingerencji chirurgicznej.<\/h4>\n<p>&nbsp;<\/p>\n<p style=\"text-align: left;\"><strong>Mikrodermabrazja<\/strong><\/p>\n<h6 style=\"text-align: justify;\">Mikrodermabrazja dla pi\u0119kniejszego wygl\u0105du sk\u00f3ry<\/h6>\n<h4 style=\"text-align: justify;\"><\/h4>\n<h4 style=\"text-align: justify;\">Zewn\u0119trzna warstwa naszej sk\u00f3ry, epiderma stale produkuje kom\u00f3rki. Nowo wyprodukowane kom\u00f3rki w m\u0142odej sk\u00f3rze wydostaj\u0105 si\u0119 na powierzchni\u0119 sk\u00f3ry w przeci\u0105gu 28 dni. Niekt\u00f3re z kom\u00f3rek, kt\u00f3re znalaz\u0142y si\u0119 na g\u00f3rze, oddzielaj\u0105 si\u0119 od sk\u00f3ry samodzielnie, jednak wiele z nich pozostaje. To one s\u0105 wsp\u00f3\u0142odpowiedzialne za zanieczyszczenia, matow\u0105 cer\u0119, zask\u00f3rniki itp. Sk\u00f3ra jest przez nie zakryta jak \u201edach\u00f3wkami\u201d. Substancje czynne nie mog\u0105 przez to skutecznie wnikna\u0107 w g\u0142\u0105b sk\u00f3ry a jej struktura staje si\u0119 coraz grubsza.<\/h4>\n<h4 style=\"text-align: justify;\">Mikrodermabrazja to wysoce efektywna metoda s\u0142u\u017c\u0105ca usuni\u0119ciu tych &#8222;dach\u00f3wek&#8221;. Pozwala uwolni\u0107 sk\u00f3r\u0119 od zrogowace\u0144, pigment\u00f3w i drobnych zmarszczek lub fa\u0142dek.<\/h4>\n<h4 style=\"text-align: justify;\">Mikrodermabrazja diamentowa jest \u0142agodn\u0105 alternatyw\u0105 odnowienia sk\u00f3ry, a zarazem odpowiednia dla wszystkich typ\u00f3w sk\u00f3ry. Odpowiednio dobrane do rodzaju sk\u00f3ry higieniczne diamentowe g\u0142owice zabiegowe s\u0105 prowadzone na sk\u00f3rze w zale\u017cno\u015bci od jej wygl\u0105du. W por\u00f3wnaniu do peelingu klasycznego urz\u0105dzenie to umo\u017cliwia po\u017c\u0105dane i kontrolowane z\u0142uszczenie warstwy rogowej nask\u00f3rka, plam pigmentacyjnych i drobnych zmarszczek. Zabieg mikrodermabrazji diamentowej nie bez powodu znajduje si\u0119 w czol\u00f3wce ulubionych zabieg\u00f3w gwiazd Hollywood . Mikrodermabrazja Diamentowa Pristine spe\u0142nia najwy\u017csze wymogi jako\u015bciowe i zapewnia bezpieczne i skuteczne zabiegi dla ka\u017cdego klienta.<\/h4>\n","protected":false},"excerpt":{"rendered":"<p>Zabiegi Reaction Zabiegi z zastosowaniem ReactionTM wykorzystuj\u0105 fale o cz\u0119stotliwo\u015bci radiowej, kt\u00f3re s\u0105 stosowane w medycynie od ponad 30 lat. Fale te podwy\u017cszaj\u0105 temperatur\u0119 sk\u00f3ry w\u0142a\u015bciwej i nask\u00f3rka, wykorzystuj\u0105c energi\u0119 o r\u00f3\u017cnych cz\u0119stotliwo\u015bciach. Wskutek tego procesu pobudzana jest stymulacja produkt\u00f3w kolagenowych oraz bia\u0142ek, kt\u00f3re w g\u0142\u00f3wnej mierze odpowiedzialne s\u0105 za elastyczno\u015b\u0107 sk\u00f3ry. Dzi\u0119ki temu jako\u015b\u0107 [&hellip;]<\/p>\n","protected":false},"author":1,"featured_media":0,"parent":0,"menu_order":0,"comment_status":"closed","ping_status":"closed","template":"","meta":{"ngg_post_thumbnail":0,"footnotes":""},"class_list":["post-41","page","type-page","status-publish","hentry"],"_links":{"self":[{"href":"http:\/\/www.agatasplace.at\/index.php?rest_route=\/wp\/v2\/pages\/41","targetHints":{"allow":["GET"]}}],"collection":[{"href":"http:\/\/www.agatasplace.at\/index.php?rest_route=\/wp\/v2\/pages"}],"about":[{"href":"http:\/\/www.agatasplace.at\/index.php?rest_route=\/wp\/v2\/types\/page"}],"author":[{"embeddable":true,"href":"http:\/\/www.agatasplace.at\/index.php?rest_route=\/wp\/v2\/users\/1"}],"replies":[{"embeddable":true,"href":"http:\/\/www.agatasplace.at\/index.php?rest_route=%2Fwp%2Fv2%2Fcomments&post=41"}],"version-history":[{"count":8,"href":"http:\/\/www.agatasplace.at\/index.php?rest_route=\/wp\/v2\/pages\/41\/revisions"}],"predecessor-version":[{"id":120,"href":"http:\/\/www.agatasplace.at\/index.php?rest_route=\/wp\/v2\/pages\/41\/revisions\/120"}],"wp:attachment":[{"href":"http:\/\/www.agatasplace.at\/index.php?rest_route=%2Fwp%2Fv2%2Fmedia&parent=41"}],"curies":[{"name":"wp","href":"https:\/\/api.w.org\/{rel}","templated":true}]}}