{"id":45,"date":"2012-09-11T10:13:42","date_gmt":"2012-09-11T08:13:42","guid":{"rendered":"http:\/\/www.agatasplace.at\/wp\/?page_id=45"},"modified":"2024-05-01T14:54:39","modified_gmt":"2024-05-01T12:54:39","slug":"cennik","status":"publish","type":"page","link":"http:\/\/www.agatasplace.at\/?page_id=45&amp;lang=pl","title":{"rendered":"Cennik"},"content":{"rendered":"<table width=\"545\">\n<tbody>\n<tr>\n<td valign=\"top\">\n<h2>CENNIK<\/h2>\n<\/td>\n<td style=\"text-align: right;\">pobierz\u00a0<a href=\"http:\/\/www.agatasplace.at\/wp-content\/uploads\/2024\/05\/Preisliste.042024-pl.docx.pdf\">Preisliste.pdf<\/a><\/td>\n<\/tr>\n<\/tbody>\n<\/table>\n<table>\n<tbody>\n<tr>\n<td width=\"460\"><span style=\"font-weight: 400;\">Cz\u0119stotliwo\u015b\u0107 radiowa (RF)<\/span><\/td>\n<td><span style=\"color: #53484d;\">176\u20ac<\/span><\/td>\n<\/tr>\n<tr>\n<td><span style=\"font-weight: 400;\">Mikrodermabrazja (peeling diamentowy)<\/span><\/td>\n<td><span style=\"color: #53484d;\">121\u20ac<\/span><\/td>\n<\/tr>\n<tr>\n<td><span style=\"font-weight: 400;\">Mezoterapia bez ig\u0142y<\/span><\/td>\n<td><span style=\"color: #53484d;\">160\u20ac<\/span><\/td>\n<\/tr>\n<tr>\n<td><\/td>\n<td style=\"text-align: right;\"><\/td>\n<\/tr>\n<\/tbody>\n<\/table>\n<p><img loading=\"lazy\" decoding=\"async\" class=\"aligncenter size-full wp-image-481\" title=\"przerwa2\" src=\"http:\/\/www.agatasplace.at\/wp-content\/uploads\/2012\/09\/przerwa21.png\" alt=\"\" width=\"522\" height=\"20\" \/><\/p>\n<h6>Depilacja<\/h6>\n<table>\n<tbody>\n<tr>\n<td height=\"5\"><\/td>\n<td><\/td>\n<\/tr>\n<tr>\n<td width=\"460\"><span style=\"font-weight: 400;\">Dolna cz\u0119\u015b\u0107 nogi, w tym kolano<\/span><\/td>\n<td style=\"text-align: right;\"><span style=\"color: #53484d;\">40\u20ac<\/span><\/td>\n<\/tr>\n<tr>\n<td><span style=\"font-weight: 400;\">Ca\u0142e nogi<\/span><\/td>\n<td style=\"text-align: right;\"><span style=\"color: #53484d;\">55\u20ac<\/span><\/td>\n<\/tr>\n<tr>\n<td><span style=\"font-weight: 400;\">Ramiona<\/span><\/td>\n<td style=\"text-align: right;\"><span style=\"color: #53484d;\">39\u20ac<\/span><\/td>\n<\/tr>\n<tr>\n<td><span style=\"font-weight: 400;\">Linia bikini<\/span><\/td>\n<td style=\"text-align: right;\"><span style=\"color: #53484d;\">29\u20ac<\/span><\/td>\n<\/tr>\n<tr>\n<td><span style=\"font-weight: 400;\">Brazylijski wosk do bikini<\/span><\/td>\n<td style=\"text-align: right;\"><span style=\"color: #53484d;\">42\u20ac<\/span><\/td>\n<\/tr>\n<tr>\n<td><span style=\"font-weight: 400;\">G\u00f3rna warga \/ podbr\u00f3dek<\/span><\/td>\n<td style=\"text-align: right;\"><span style=\"color: #53484d;\">15\u20ac<\/span><\/td>\n<\/tr>\n<tr>\n<td><span style=\"font-weight: 400;\">Pachy<\/span><\/td>\n<td style=\"text-align: right;\"><span style=\"color: #53484d;\">15\u20ac<\/span><\/td>\n<\/tr>\n<tr>\n<td><span style=\"font-weight: 400;\">Plecy<\/span><\/td>\n<td style=\"text-align: right;\"><span style=\"color: #53484d;\">49\u20ac<br \/>\n<\/span><\/td>\n<\/tr>\n<tr>\n<td><span style=\"font-weight: 400;\">Woskowanie ca\u0142o\u015bci (bikini, ca\u0142e nogi, r\u0119ce, pachy)<\/span><\/td>\n<td><span style=\"color: #53484d;\">120\u20ac <\/span><\/td>\n<\/tr>\n<\/tbody>\n<\/table>\n<table style=\"height: 29px;\" width=\"511\">\n<tbody>\n<tr>\n<td><\/td>\n<\/tr>\n<\/tbody>\n<\/table>\n<h6><\/h6>\n<h6>Depilacja<\/h6>\n<table>\n<tbody>\n<tr>\n<td height=\"5\"><\/td>\n<td><\/td>\n<\/tr>\n<tr>\n<td width=\"460\"><span style=\"font-weight: 400;\">Dolna cz\u0119\u015b\u0107 nogi, w tym kolano<\/span><\/td>\n<td style=\"text-align: right;\"><span style=\"color: #53484d;\">40\u20ac<\/span><\/td>\n<\/tr>\n<tr>\n<td><span style=\"font-weight: 400;\">Ca\u0142e nogi<\/span><\/td>\n<td style=\"text-align: right;\"><span style=\"color: #53484d;\">55\u20ac<\/span><\/td>\n<\/tr>\n<tr>\n<td><span style=\"font-weight: 400;\">Ramiona<\/span><\/td>\n<td style=\"text-align: right;\"><span style=\"color: #53484d;\">39\u20ac<\/span><\/td>\n<\/tr>\n<tr>\n<td><span style=\"font-weight: 400;\">Linia bikini<\/span><\/td>\n<td style=\"text-align: right;\"><span style=\"color: #53484d;\">29\u20ac<\/span><\/td>\n<\/tr>\n<tr>\n<td><span style=\"font-weight: 400;\">Brazylijski wosk do bikini<\/span><\/td>\n<td style=\"text-align: right;\"><span style=\"color: #53484d;\">42\u20ac<\/span><\/td>\n<\/tr>\n<tr>\n<td><span style=\"font-weight: 400;\">G\u00f3rna warga \/ podbr\u00f3dek<\/span><\/td>\n<td style=\"text-align: right;\"><span style=\"color: #53484d;\">15\u20ac<\/span><\/td>\n<\/tr>\n<tr>\n<td><span style=\"font-weight: 400;\">Pachy<\/span><\/td>\n<td style=\"text-align: right;\"><span style=\"color: #53484d;\">15\u20ac<\/span><\/td>\n<\/tr>\n<tr>\n<td><span style=\"font-weight: 400;\">Plecy<\/span><\/td>\n<td style=\"text-align: right;\"><span style=\"color: #53484d;\">49\u20ac<br \/>\n<\/span><\/td>\n<\/tr>\n<tr>\n<td><span style=\"font-weight: 400;\">Woskowanie ca\u0142o\u015bci (bikini, ca\u0142e nogi, r\u0119ce, pachy)<\/span><\/td>\n<td><span style=\"color: #53484d;\">120\u20ac <\/span><\/td>\n<\/tr>\n<\/tbody>\n<\/table>\n<table style=\"height: 34px;\" width=\"512\">\n<tbody>\n<tr>\n<td><\/td>\n<\/tr>\n<\/tbody>\n<\/table>\n<h6>Zabieg na oczy<\/h6>\n<table style=\"height: 183px;\" width=\"551\">\n<tbody>\n<tr>\n<td height=\"5\"><\/td>\n<td><\/td>\n<\/tr>\n<tr>\n<td width=\"470\"><span style=\"font-weight: 400;\">Opis therapy Eye Latex Mask<\/span><\/td>\n<td><span style=\"color: #53484d;\">50\u20ac<\/span><\/td>\n<\/tr>\n<tr>\n<td><span style=\"font-weight: 400;\">Przyciemnianie rz\u0119s<\/span><\/td>\n<td><span style=\"color: #53484d;\">14\u20ac<\/span><\/td>\n<\/tr>\n<tr>\n<td><span style=\"font-weight: 400;\">Przyciemnianie brwi<\/span><\/td>\n<td><span style=\"color: #53484d;\">14\u20ac<\/span><\/td>\n<\/tr>\n<tr>\n<td><span style=\"font-weight: 400;\">Korekta brwi<\/span><\/td>\n<td><span style=\"color: #53484d;\">14\u20ac<\/span><\/td>\n<\/tr>\n<tr>\n<td><\/td>\n<td><\/td>\n<\/tr>\n<\/tbody>\n<\/table>\n<h6>Masa\u017c<\/h6>\n<table style=\"height: 304px;\" width=\"551\">\n<tbody>\n<tr>\n<td height=\"5\"><\/td>\n<td><\/td>\n<\/tr>\n<tr>\n<td width=\"460\"><span style=\"font-weight: 400;\">Masa\u017c plec\u00f3w (30 min)<\/span><\/td>\n<td style=\"text-align: right;\"><span style=\"color: #53484d;\">45\u20ac<\/span><\/td>\n<\/tr>\n<tr>\n<td><span style=\"font-weight: 400;\">Masa\u017c ca\u0142ego cia\u0142a (55 min)<\/span><\/td>\n<td style=\"text-align: right;\"><span style=\"color: #53484d;\">75\u20ac<\/span><\/td>\n<\/tr>\n<tr>\n<td><span style=\"font-weight: 400;\">Masa\u017c twarzy (25 min)<\/span><\/td>\n<td style=\"text-align: right;\"><span style=\"color: #53484d;\">39\u20ac<\/span><\/td>\n<\/tr>\n<tr>\n<td><span style=\"font-weight: 400;\">Kobido masa\u017c (60 min)<\/span><\/td>\n<td style=\"text-align: right;\"><span style=\"color: #53484d;\">75\u20ac<\/span><\/td>\n<\/tr>\n<tr>\n<td><span style=\"font-weight: 400;\">Konsultacja (55 min)<\/span><\/td>\n<td style=\"text-align: right;\"><span style=\"color: #53484d;\">80\u20ac<\/span><\/td>\n<\/tr>\n<tr>\n<td><span style=\"font-weight: 400;\">Masa\u017c st\u00f3p<\/span><\/td>\n<td style=\"text-align: right;\"><span style=\"color: #53484d;\">18\u20ac<\/span><\/td>\n<\/tr>\n<tr>\n<td><span style=\"font-weight: 400;\">Masa\u017c d\u0142oni<\/span><\/td>\n<td style=\"text-align: right;\">18\u20ac<\/td>\n<\/tr>\n<tr>\n<td><\/td>\n<td style=\"text-align: right;\"><span style=\"color: #53484d;\">\u00a0<\/span><\/td>\n<\/tr>\n<tr>\n<td><\/td>\n<td><\/td>\n<\/tr>\n<\/tbody>\n<\/table>\n<h6><\/h6>\n<h6>Inne pedi &amp; mani<\/h6>\n<table style=\"height: 122px;\" width=\"590\">\n<tbody>\n<tr>\n<td height=\"5\"><\/td>\n<td><\/td>\n<\/tr>\n<tr>\n<td width=\"470\"><span style=\"font-weight: 400;\">Pedicure z peelingiem, mask\u0105 i masa\u017cem st\u00f3p<\/span><\/td>\n<td style=\"text-align: right;\"><span style=\"color: #53484d;\">85\u20ac<\/span><\/td>\n<\/tr>\n<tr>\n<td><span style=\"font-weight: 400;\">Manicure z peelingiem, mask\u0105 i masa\u017cem d\u0142oni<\/span><\/td>\n<td style=\"text-align: right;\"><span style=\"color: #53484d;\">75\u20ac<\/span><\/td>\n<\/tr>\n<tr>\n<td><\/td>\n<td><\/td>\n<\/tr>\n<\/tbody>\n<\/table>\n","protected":false},"excerpt":{"rendered":"<p>CENNIK pobierz\u00a0Preisliste.pdf Cz\u0119stotliwo\u015b\u0107 radiowa (RF) 176\u20ac Mikrodermabrazja (peeling diamentowy) 121\u20ac Mezoterapia bez ig\u0142y 160\u20ac Depilacja Dolna cz\u0119\u015b\u0107 nogi, w tym kolano 40\u20ac Ca\u0142e nogi 55\u20ac Ramiona 39\u20ac Linia bikini 29\u20ac Brazylijski wosk do bikini 42\u20ac G\u00f3rna warga \/ podbr\u00f3dek 15\u20ac Pachy 15\u20ac Plecy 49\u20ac Woskowanie ca\u0142o\u015bci (bikini, ca\u0142e nogi, r\u0119ce, pachy) 120\u20ac Depilacja Dolna cz\u0119\u015b\u0107 [&hellip;]<\/p>\n","protected":false},"author":1,"featured_media":0,"parent":0,"menu_order":0,"comment_status":"closed","ping_status":"closed","template":"","meta":{"ngg_post_thumbnail":0,"footnotes":""},"class_list":["post-45","page","type-page","status-publish","hentry"],"_links":{"self":[{"href":"http:\/\/www.agatasplace.at\/index.php?rest_route=\/wp\/v2\/pages\/45","targetHints":{"allow":["GET"]}}],"collection":[{"href":"http:\/\/www.agatasplace.at\/index.php?rest_route=\/wp\/v2\/pages"}],"about":[{"href":"http:\/\/www.agatasplace.at\/index.php?rest_route=\/wp\/v2\/types\/page"}],"author":[{"embeddable":true,"href":"http:\/\/www.agatasplace.at\/index.php?rest_route=\/wp\/v2\/users\/1"}],"replies":[{"embeddable":true,"href":"http:\/\/www.agatasplace.at\/index.php?rest_route=%2Fwp%2Fv2%2Fcomments&post=45"}],"version-history":[{"count":37,"href":"http:\/\/www.agatasplace.at\/index.php?rest_route=\/wp\/v2\/pages\/45\/revisions"}],"predecessor-version":[{"id":659,"href":"http:\/\/www.agatasplace.at\/index.php?rest_route=\/wp\/v2\/pages\/45\/revisions\/659"}],"wp:attachment":[{"href":"http:\/\/www.agatasplace.at\/index.php?rest_route=%2Fwp%2Fv2%2Fmedia&parent=45"}],"curies":[{"name":"wp","href":"https:\/\/api.w.org\/{rel}","templated":true}]}}