{"id":49,"date":"2012-09-11T10:16:01","date_gmt":"2012-09-11T08:16:01","guid":{"rendered":"http:\/\/www.agatasplace.at\/wp\/?page_id=49"},"modified":"2013-08-25T11:48:30","modified_gmt":"2013-08-25T09:48:30","slug":"o-mnie","status":"publish","type":"page","link":"http:\/\/www.agatasplace.at\/?page_id=49&amp;lang=pl","title":{"rendered":"O mnie"},"content":{"rendered":"<h2 style=\"text-align: left;\">O MNIE<\/h2>\n<p style=\"text-align: justify;\">Firma AGATA\u2019s PLACE powsta\u0142a z marze\u0144, pasji i pracy. Jej rozw\u00f3j zale\u017cy przede wszystkim od zadowolonych Klient\u00f3w.<\/p>\n<p style=\"text-align: justify;\"><img loading=\"lazy\" decoding=\"async\" class=\"aligncenter size-full wp-image-354\" title=\"przerwa\" alt=\"\" src=\"http:\/\/www.agatasplace.at\/wp-content\/uploads\/2012\/09\/przerwa.png\" width=\"527\" height=\"50\" \/><\/p>\n<p style=\"text-align: justify;\"><img loading=\"lazy\" decoding=\"async\" class=\"alignleft size-full wp-image-575\" title=\"a3\" alt=\"\" src=\"http:\/\/www.agatasplace.at\/wp-content\/uploads\/2012\/09\/a3.jpg\" width=\"180\" height=\"214\" \/>Agata Smus uko\u0144czy\u0142a dwa kierunki studi\u00f3w Kosmetologi\u0119 oraz Zdrowie Publiczne na Uniwersytecie Medycznym w \u0141odzi\u00a0<span style=\"font-size: 0.83em; line-height: 19px;\">w 2004 roku i uzyska\u0142a tytu\u0142 magistra. \u00a0Do\u015bwiadczenie zawodowe zdobywa\u0142a w ciesz\u0105cych si\u0119 renom\u0105 gabinetach kosmetologicznych w Wiedniu. W swojej pracy\u00a0z sukcesem wykorzystywa\u0142a najnowsze osi\u0105gni\u0119cia wsp\u00f3\u0142czesnej kosmetologii, poparte bogat\u0105 wiedz\u0105 z zakresu zdrowia.\u00a0Agata&#8217;s Place jest miejscem, kt\u00f3re powsta\u0142o w oparciu o rzeteln\u0105 wiedz\u0119, z zami\u0142owania do pi\u0119kna ludzkiego cia\u0142a, marze\u0144\u00a0o doskonaleniu wizerunku Klienta. Wewn\u0119trzna pasja ,zaanga\u017cowanie, profesjonalizm tworz\u0105 wysok\u0105 jako\u015b\u0107 us\u0142ug, uwzgl\u0119dniaj\u0105c\u0105 Jego Indywidualne Potrzeby w zakresie kosmetologii.\u00a0Zadowolenie z jako\u015bci proponowanych zabieg\u00f3w oraz dobre samopoczucie Klienta jest g\u0142\u00f3wnym celem najwy\u017cszej jako\u015bci us\u0142ug w Agata&#8217;s Place.<\/span><\/p>\n","protected":false},"excerpt":{"rendered":"<p>O MNIE Firma AGATA\u2019s PLACE powsta\u0142a z marze\u0144, pasji i pracy. Jej rozw\u00f3j zale\u017cy przede wszystkim od zadowolonych Klient\u00f3w. Agata Smus uko\u0144czy\u0142a dwa kierunki studi\u00f3w Kosmetologi\u0119 oraz Zdrowie Publiczne na Uniwersytecie Medycznym w \u0141odzi\u00a0w 2004 roku i uzyska\u0142a tytu\u0142 magistra. \u00a0Do\u015bwiadczenie zawodowe zdobywa\u0142a w ciesz\u0105cych si\u0119 renom\u0105 gabinetach kosmetologicznych w Wiedniu. W swojej pracy\u00a0z sukcesem [&hellip;]<\/p>\n","protected":false},"author":1,"featured_media":0,"parent":0,"menu_order":0,"comment_status":"closed","ping_status":"closed","template":"","meta":{"ngg_post_thumbnail":0,"footnotes":""},"class_list":["post-49","page","type-page","status-publish","hentry"],"_links":{"self":[{"href":"http:\/\/www.agatasplace.at\/index.php?rest_route=\/wp\/v2\/pages\/49","targetHints":{"allow":["GET"]}}],"collection":[{"href":"http:\/\/www.agatasplace.at\/index.php?rest_route=\/wp\/v2\/pages"}],"about":[{"href":"http:\/\/www.agatasplace.at\/index.php?rest_route=\/wp\/v2\/types\/page"}],"author":[{"embeddable":true,"href":"http:\/\/www.agatasplace.at\/index.php?rest_route=\/wp\/v2\/users\/1"}],"replies":[{"embeddable":true,"href":"http:\/\/www.agatasplace.at\/index.php?rest_route=%2Fwp%2Fv2%2Fcomments&post=49"}],"version-history":[{"count":28,"href":"http:\/\/www.agatasplace.at\/index.php?rest_route=\/wp\/v2\/pages\/49\/revisions"}],"predecessor-version":[{"id":475,"href":"http:\/\/www.agatasplace.at\/index.php?rest_route=\/wp\/v2\/pages\/49\/revisions\/475"}],"wp:attachment":[{"href":"http:\/\/www.agatasplace.at\/index.php?rest_route=%2Fwp%2Fv2%2Fmedia&parent=49"}],"curies":[{"name":"wp","href":"https:\/\/api.w.org\/{rel}","templated":true}]}}